{"id":20144,"date":"2026-02-25T13:00:25","date_gmt":"2026-02-25T18:00:25","guid":{"rendered":"https:\/\/www.choicereit.ca\/upgrade-your-rooftop-units\/"},"modified":"2026-04-21T11:18:36","modified_gmt":"2026-04-21T15:18:36","slug":"ameliorez-vos-unites-de-toit-reduisez-vos-couts-dexploitation","status":"publish","type":"page","link":"https:\/\/www.choicereit.ca\/fr\/ameliorez-vos-unites-de-toit-reduisez-vos-couts-dexploitation\/","title":{"rendered":"Am\u00e9liorez vos unit\u00e9s de toit. R\u00e9duisez vos co\u00fbts d\u2019exploitation."},"content":{"rendered":"<div class=\"wp-bootstrap-blocks-container container mb-2 page-wrapper first\">\n\t\n\n<h1 class=\"wp-block-heading title-header\">Am\u00e9liorez vos unit\u00e9s de toit. <br>R\u00e9duisez vos co\u00fbts d\u2019exploitation.<\/h1>\n\n\n\n<ul class=\"wp-block-list page-links\">\n<li class=\"\"><a href=\"https:\/\/www.choicereit.ca\/wp-content\/uploads\/2026\/04\/Choice-Properties-HVAC-Upgrade-Program.pdf\" target=\"_blank\" rel=\"noreferrer noopener\">T\u00e9l\u00e9charger la brochure<\/a><\/li>\n<\/ul>\n\n\n<div class=\"wp-bootstrap-blocks-row row pt-6\">\n\t\n\n<div class=\"col-12 col-md-12 col-lg-11 col-xl-10\">\n\t\t\t\n\n<h2 class=\"wp-block-heading pb-1 has-medium-font-size\" id=\"overview\"><strong>Pourquoi des unit\u00e9s de toit bi\u00e9nergie?<\/strong><\/h2>\n\n\n\n<p class=\"pe-md-4 me-lg-2\">Les syst\u00e8mes d\u2019unit\u00e9 de toit bi\u00e9nergie (RTU), \u00e9galement appel\u00e9s RTU hybrides, sont des syst\u00e8mes de chauffage et de refroidissement qui commuent intelligemment entre une thermopompe \u00e0 haute efficacit\u00e9 et un br\u00fbleur au gaz naturel, en fonction de la temp\u00e9rature ext\u00e9rieure, pour optimiser la consommation d\u2019\u00e9nergie et le confort. Ces syst\u00e8mes peuvent fonctionner ind\u00e9pendamment, avec la majorit\u00e9 du chauffage fourni par la thermopompe ou, en combinaison, dans des conditions d\u2019exploitation plus froides, avec une chaleur suppl\u00e9mentaire fournie par la combustion du gaz.<\/p>\n\n\t<\/div>\n\n<\/div>\n\n<\/div>\n\n\n<div class=\"wp-bootstrap-blocks-container container mb-2 page-wrapper\">\n\t\n\n<div class=\"wp-block-choice-icon-box stats-container\"><div class=\"swiper stats-board \" data-num=\"3\"><div class=\"swiper-wrapper \"><div class=\"swiper-slide  \"><div class=\"item\"><figure class=\"wp-block-image\"><img decoding=\"async\" src=\"https:\/\/www.choicereit.ca\/wp-content\/uploads\/2026\/01\/first-zero-icon.svg\" alt=\"First Zero Icon\"><\/figure><h3><strong>Am\u00e9lioration de l\u2019efficacit\u00e9<\/strong><\/h3><p><strong>Les syst\u00e8mes modernes sont con\u00e7us pour fonctionner plus efficacement que les \u00e9quipements vieillissants.<\/strong><\/p><\/div><\/div><div class=\"swiper-slide  \"><div class=\"item\"><figure class=\"wp-block-image\"><img decoding=\"async\" src=\"https:\/\/www.choicereit.ca\/wp-content\/uploads\/2026\/02\/cost-icon.svg\" alt=\"Cost Icon\"><\/figure><h3><strong>R\u00e9duction des co\u00fbts d\u2019exploitation\u00a0<\/strong><\/h3><p><strong>Les unit\u00e9s bi\u00e9nergie assurent la fiabilit\u00e9 \u00e0 long terme et soutiennent l\u2019\u00e9volution des besoins op\u00e9rationnels.<\/strong><\/p><\/div><\/div><div class=\"swiper-slide  \"><div class=\"item\"><figure class=\"wp-block-image\"><img decoding=\"async\" src=\"https:\/\/www.choicereit.ca\/wp-content\/uploads\/2026\/02\/clock-icon.svg\" alt=\"Clock Icon\"><\/figure><h3><strong>D\u00e9lais de r\u00e9cup\u00e9ration rapide\u00a0<\/strong><\/h3><p><strong>Dans de nombreux cas, les unit\u00e9s mises \u00e0 niveau offrent un rendement du capital investi en aussi peu que 1,4\u00a0an.<\/strong><\/p><\/div><\/div><\/div><\/div><\/div>\n\n<\/div>\n\n\n<div class=\"wp-bootstrap-blocks-container container mb-2 no-pad-mobile page-wrapper\">\n\t\n\n<div class=\"wp-block-media-text is-stacked-on-mobile media-direction-right\"><figure class=\"wp-block-media-text__media\"><img loading=\"lazy\" decoding=\"async\" width=\"1024\" height=\"576\" src=\"https:\/\/www.choicereit.ca\/wp-content\/uploads\/2026\/02\/shoppers-rooftop-1024x576.jpg\" alt=\"Shoppers Rooftop 1024x576\" class=\"wp-image-19068 size-full\" srcset=\"https:\/\/www.choicereit.ca\/wp-content\/uploads\/2026\/02\/shoppers-rooftop-1024x576.jpg 1024w, https:\/\/www.choicereit.ca\/wp-content\/uploads\/2026\/02\/shoppers-rooftop-300x169.jpg 300w, https:\/\/www.choicereit.ca\/wp-content\/uploads\/2026\/02\/shoppers-rooftop-768x432.jpg 768w, https:\/\/www.choicereit.ca\/wp-content\/uploads\/2026\/02\/shoppers-rooftop.jpg 1280w\" sizes=\"auto, (max-width: 1024px) 100vw, 1024px\" \/><\/figure><div class=\"wp-block-media-text__content\">\n<h3 class=\"wp-block-heading has-large-font-size\"><strong>Nous sommes l\u00e0 pour vous aider<\/strong><\/h3>\n\n\n\n<p class=\"\">Propri\u00e9t\u00e9s de Choix lance un programme de financement pour la mise \u00e0 niveau des unit\u00e9s de toit avec des syst\u00e8mes bi\u00e9nergie modernes con\u00e7us pour am\u00e9liorer l\u2019efficacit\u00e9, la fiabilit\u00e9 et la performance \u00e0 long terme.<\/p>\n<\/div><\/div>\n\n<\/div>\n\n\n<div class=\"wp-bootstrap-blocks-container container mb-2 no-pad-mobile page-wrapper\">\n\t\n\n<div class=\"wp-block-media-text is-stacked-on-mobile media-direction-left\"><figure class=\"wp-block-media-text__media\"><img loading=\"lazy\" decoding=\"async\" width=\"1024\" height=\"576\" src=\"https:\/\/www.choicereit.ca\/wp-content\/uploads\/2026\/02\/smarter-approach-1024x576.jpg\" alt=\"Smarter Approach 1024x576\" class=\"wp-image-19067 size-full\" srcset=\"https:\/\/www.choicereit.ca\/wp-content\/uploads\/2026\/02\/smarter-approach-1024x576.jpg 1024w, https:\/\/www.choicereit.ca\/wp-content\/uploads\/2026\/02\/smarter-approach-300x169.jpg 300w, https:\/\/www.choicereit.ca\/wp-content\/uploads\/2026\/02\/smarter-approach-768x432.jpg 768w, https:\/\/www.choicereit.ca\/wp-content\/uploads\/2026\/02\/smarter-approach.jpg 1280w\" sizes=\"auto, (max-width: 1024px) 100vw, 1024px\" \/><\/figure><div class=\"wp-block-media-text__content\">\n<h3 class=\"wp-block-heading has-large-font-size\"><strong>Une approche plus intelligente envers l\u2019\u00e9quipement<\/strong><\/h3>\n\n\n\n<p class=\"\">\u00c0 mesure que les unit\u00e9s de toit atteignent la fin de leur vie, la mise \u00e0 niveau vers des syst\u00e8mes bi\u00e9nergie modernes offre une occasion pratique d\u2019am\u00e9liorer l\u2019efficacit\u00e9, de r\u00e9duire les co\u00fbts d\u2019exploitation et d\u2019am\u00e9liorer la p\u00e9rennit\u00e9 de votre espace. Propri\u00e9t\u00e9s de Choix soutient activement ces mises \u00e0 niveau dans l\u2019ensemble de notre portefeuille dans le cadre de notre strat\u00e9gie d\u2019optimisation du b\u00e2timent \u00e0 long terme et nous sommes l\u00e0 pour vous soutenir!<\/p>\n<\/div><\/div>\n\n<\/div>\n\n\n<div class=\"wp-bootstrap-blocks-container container mb-2 page-wrapper pt-0\">\n\t\n\n<h2 class=\"wp-block-heading has-medium-font-size\" id=\"social\"><strong>En combien de temps ces unit\u00e9s sont-elles rembours\u00e9es dans diff\u00e9rentes provinces? Voici l\u2019analyse du RCI pour les tarifs de services localis\u00e9s<\/strong><\/h2>\n\n\n\n<figure class=\"wp-block-flexible-table-block-table\"><table class=\"has-fixed-layout\" style=\"min-width:700px\"><tbody><tr><td style=\"padding:2em;width:35%\"><\/td><td colspan=\"2\">Mesur\u00e9<\/td><td colspan=\"6\">Mod\u00e9lis\u00e9<\/td><\/tr><tr><td style=\"padding:2em;width:35%\"><strong>Province<\/strong><\/td><td><strong><strong>C.-B.<\/strong><\/strong><\/td><td><strong><strong>N.-\u00c9.<\/strong><\/strong><\/td><td><strong><strong>Alb.<\/strong><\/strong><\/td><td><strong><strong>Sask<\/strong>.<\/strong><\/td><td><strong><strong>Man.<\/strong><\/strong><\/td><td><strong><strong>Ont.<\/strong><\/strong><\/td><td><strong>QC<\/strong><\/td><td><strong><strong>N.-B.<\/strong><\/strong><\/td><\/tr><tr><td style=\"padding:2em;width:35%\"><strong>D\u00e9lais de r\u00e9cup\u00e9ration\u00a0<\/strong>(ann\u00e9es pour r\u00e9cup\u00e9rer co\u00fbt des primes)<\/td><td><span style=\"color:#E60F00\">2,4<\/span><\/td><td><span style=\"color:#E60F00\">1,4<\/span><\/td><td><span style=\"color:#E60F00\">22,7<\/span><\/td><td><span style=\"color:#E60F00\">5,9<\/span><\/td><td><span style=\"color:#E60F00\">4,3<\/span><\/td><td><span style=\"color:#E60F00\">4,4<\/span><\/td><td><span style=\"color:#E60F00\">1,5<\/span><\/td><td><span style=\"color:#E60F00\">1,4<\/span><\/td><\/tr><\/tbody><\/table><\/figure>\n\n\n\n<h2 class=\"wp-block-heading mt-5 has-medium-font-size\" id=\"social\"><strong>Incitatifs offerts partout au Canada<\/strong><\/h2>\n\n\n\n<p class=\"\">En date du 15\u00a0janvier\u00a02026<\/p>\n\n\n\n<figure class=\"wp-block-flexible-table-block-table\"><table class=\"has-fixed-layout\" style=\"min-width:700px\"><tbody><tr><td style=\"padding:2em;width:150px\"><strong>Province<\/strong><\/td><td><strong><strong>Programme<\/strong><\/strong><\/td><td><strong><strong>Site Web<\/strong><\/strong><\/td><\/tr><tr><td style=\"padding:2em;width:150px\">C.-B.<\/td><td>Fortis BC \u2013 remises sur les unit\u00e9s de toit bi\u00e9nergie<\/td><td><a href=\"https:\/\/www.fortisbc.com\/rebates\/detail\/dual-fuel-rooftop-unit-rebates\">https:\/\/www.fortisbc.com\/rebates\/detail\/dual-fuel-rooftop-unit-rebates<\/a><\/td><\/tr><tr><td style=\"padding:2em;width:150px\">Ont.<\/td><td>Enbridge \u2013 programme d\u2019incitatifs fixes<\/td><td><a href=\"https:\/\/www.enbridgegas.com\/ontario\/business-industrial\/incentives-conservation\/programs-and-incentives\/equipment-upgrades\/fixed-incentive-program\">https:\/\/www.enbridgegas.com\/ontario\/business-industrial\/incentives-conservation\/programs-and-incentives\/equipment-upgrades\/fixed-incentive-program<\/a><\/td><\/tr><tr><td style=\"padding:2em;width:150px\">QC<\/td><td>\u00c9nergir \u2013 affaires \u2013 bi\u00e9nergie<\/td><td><a href=\"https:\/\/energir.com\/en\/business\/dual-energy\">https:\/\/energir.com\/en\/business\/dual-energy<\/a><\/td><\/tr><tr><td style=\"padding:2em;width:150px\">Sask.<\/td><td>SaskEnergy \u2013 remise sur l\u2019espace commercial et le chauffage de l\u2019eau<\/td><td><a href=\"https:\/\/www.saskenergy.com\/ways-save\/commercial-space-and-water-heating-rebate\">https:\/\/www.saskenergy.com\/ways-save\/commercial-space-and-water-heating-rebate<\/a><\/td><\/tr><\/tbody><\/table><\/figure>\n\n\n\n<h2 class=\"wp-block-heading mt-5 has-medium-font-size\" id=\"social\"><strong>Programme financier Propri\u00e9t\u00e9s de Choix<\/strong><\/h2>\n\n\n\n<p class=\"\">Propri\u00e9t\u00e9s de Choix offre un programme de financement propre aux locataires pour aider \u00e0 g\u00e9rer le co\u00fbt de la mise \u00e0 niveau vers les unit\u00e9s de toit bi\u00e9nergie.<br>La meilleure fa\u00e7on de se renseigner sur ce qui est disponible pour votre espace est de parler directement avec notre \u00e9quipe.<\/p>\n\n\n\n<h3 class=\"wp-block-heading mt-4\"><strong><strong>T\u00e9l\u00e9chargez notre brochure<\/strong><\/strong><\/h3>\n\n\n\n<figure class=\"wp-block-flexible-table-block-table\"><table class=\"has-fixed-layout\" style=\"min-width:600px\"><tbody><tr><td style=\"padding:2em\"><strong>Document<\/strong><\/td><td><strong>Date<\/strong><\/td><td style=\"width:200px\"><strong>T\u00e9l\u00e9charger<\/strong><\/td><\/tr><tr><td style=\"padding:2em\">Programme de mise \u00e0 niveau des unit\u00e9s de toit<\/td><td>21 Janvier 2026<\/td><td style=\"width:200px\"><div class=\"wp-block-button\"><a href=\"https:\/\/www.choicereit.ca\/wp-content\/uploads\/2026\/04\/Choice-Properties-HVAC-Upgrade-Program.pdf\" target=\"_blank\" rel=\"noreferrer noopener\" class=\"wp-block-button__link wp-element-button\">T\u00e9l\u00e9charger<\/a><\/div><\/td><\/tr><\/tbody><\/table><\/figure>\n\n\n\n<h3 class=\"wp-block-heading mt-5\"><strong><strong>La meilleure fa\u00e7on d\u2019en savoir plus est de communiquer avec nous aujourd\u2019hui<\/strong>. <a href=\"mailto:hvac@choicereit.ca\">hvac@choicereit.ca<\/a><\/strong><\/h3>\n\n<\/div>\n\n\n\n<p class=\"\"><\/p>\n","protected":false},"excerpt":{"rendered":"","protected":false},"author":1,"featured_media":20145,"parent":0,"menu_order":0,"comment_status":"closed","ping_status":"closed","template":"","meta":{"_oasis_is_in_workflow":0,"_oasis_original":0,"_oasis_task_priority":"","footnotes":""},"class_list":["post-20144","page","type-page","status-publish","has-post-thumbnail","hentry"],"yoast_head":"<!-- This site is optimized with the Yoast SEO Premium plugin v27.4 (Yoast SEO v27.4) - https:\/\/yoast.com\/product\/yoast-seo-premium-wordpress\/ -->\n<title>Am\u00e9liorez vos unit\u00e9s de toit. R\u00e9duisez vos co\u00fbts d\u2019exploitation. - Propri\u00e9t\u00e9s DeChoix<\/title>\n<meta name=\"robots\" content=\"index, follow, max-snippet:-1, max-image-preview:large, max-video-preview:-1\" \/>\n<link rel=\"canonical\" href=\"https:\/\/www.choicereit.ca\/fr\/ameliorez-vos-unites-de-toit-reduisez-vos-couts-dexploitation\/\" \/>\n<meta property=\"og:locale\" content=\"fr_FR\" \/>\n<meta property=\"og:type\" content=\"article\" \/>\n<meta property=\"og:title\" content=\"Am\u00e9liorez vos unit\u00e9s de toit. R\u00e9duisez vos co\u00fbts d\u2019exploitation.\" \/>\n<meta property=\"og:url\" content=\"https:\/\/www.choicereit.ca\/fr\/ameliorez-vos-unites-de-toit-reduisez-vos-couts-dexploitation\/\" \/>\n<meta property=\"og:site_name\" content=\"Propri\u00e9t\u00e9s DeChoix\" \/>\n<meta property=\"article:modified_time\" content=\"2026-04-21T15:18:36+00:00\" \/>\n<meta property=\"og:image\" content=\"https:\/\/www.choicereit.ca\/wp-content\/uploads\/2026\/02\/upgrade-rooftop-banner.jpg\" \/>\n\t<meta property=\"og:image:width\" content=\"1920\" \/>\n\t<meta property=\"og:image:height\" content=\"720\" \/>\n\t<meta property=\"og:image:type\" content=\"image\/jpeg\" \/>\n<meta name=\"twitter:card\" content=\"summary_large_image\" \/>\n<meta name=\"twitter:label1\" content=\"Dur\u00e9e de lecture estim\u00e9e\" \/>\n\t<meta name=\"twitter:data1\" content=\"4 minutes\" \/>\n<script type=\"application\/ld+json\" class=\"yoast-schema-graph\">{\"@context\":\"https:\\\/\\\/schema.org\",\"@graph\":[{\"@type\":\"WebPage\",\"@id\":\"https:\\\/\\\/www.choicereit.ca\\\/fr\\\/ameliorez-vos-unites-de-toit-reduisez-vos-couts-dexploitation\\\/\",\"url\":\"https:\\\/\\\/www.choicereit.ca\\\/fr\\\/ameliorez-vos-unites-de-toit-reduisez-vos-couts-dexploitation\\\/\",\"name\":\"Am\u00e9liorez vos unit\u00e9s de toit. R\u00e9duisez vos co\u00fbts d\u2019exploitation. - Propri\u00e9t\u00e9s DeChoix\",\"isPartOf\":{\"@id\":\"https:\\\/\\\/www.choicereit.ca\\\/#website\"},\"primaryImageOfPage\":{\"@id\":\"https:\\\/\\\/www.choicereit.ca\\\/fr\\\/ameliorez-vos-unites-de-toit-reduisez-vos-couts-dexploitation\\\/#primaryimage\"},\"image\":{\"@id\":\"https:\\\/\\\/www.choicereit.ca\\\/fr\\\/ameliorez-vos-unites-de-toit-reduisez-vos-couts-dexploitation\\\/#primaryimage\"},\"thumbnailUrl\":\"https:\\\/\\\/www.choicereit.ca\\\/wp-content\\\/uploads\\\/2026\\\/02\\\/upgrade-rooftop-banner.jpg\",\"datePublished\":\"2026-02-25T18:00:25+00:00\",\"dateModified\":\"2026-04-21T15:18:36+00:00\",\"breadcrumb\":{\"@id\":\"https:\\\/\\\/www.choicereit.ca\\\/fr\\\/ameliorez-vos-unites-de-toit-reduisez-vos-couts-dexploitation\\\/#breadcrumb\"},\"inLanguage\":\"fr-FR\",\"potentialAction\":[{\"@type\":\"ReadAction\",\"target\":[\"https:\\\/\\\/www.choicereit.ca\\\/fr\\\/ameliorez-vos-unites-de-toit-reduisez-vos-couts-dexploitation\\\/\"]}]},{\"@type\":\"ImageObject\",\"inLanguage\":\"fr-FR\",\"@id\":\"https:\\\/\\\/www.choicereit.ca\\\/fr\\\/ameliorez-vos-unites-de-toit-reduisez-vos-couts-dexploitation\\\/#primaryimage\",\"url\":\"https:\\\/\\\/www.choicereit.ca\\\/wp-content\\\/uploads\\\/2026\\\/02\\\/upgrade-rooftop-banner.jpg\",\"contentUrl\":\"https:\\\/\\\/www.choicereit.ca\\\/wp-content\\\/uploads\\\/2026\\\/02\\\/upgrade-rooftop-banner.jpg\",\"width\":1920,\"height\":720},{\"@type\":\"BreadcrumbList\",\"@id\":\"https:\\\/\\\/www.choicereit.ca\\\/fr\\\/ameliorez-vos-unites-de-toit-reduisez-vos-couts-dexploitation\\\/#breadcrumb\",\"itemListElement\":[{\"@type\":\"ListItem\",\"position\":1,\"name\":\"Home\",\"item\":\"https:\\\/\\\/www.choicereit.ca\\\/fr\\\/\"},{\"@type\":\"ListItem\",\"position\":2,\"name\":\"Am\u00e9liorez vos unit\u00e9s de toit. R\u00e9duisez vos co\u00fbts d\u2019exploitation.\"}]},{\"@type\":\"WebSite\",\"@id\":\"https:\\\/\\\/www.choicereit.ca\\\/#website\",\"url\":\"https:\\\/\\\/www.choicereit.ca\\\/\",\"name\":\"Choice Properties\",\"description\":\"\",\"publisher\":{\"@id\":\"https:\\\/\\\/www.choicereit.ca\\\/#organization\"},\"potentialAction\":[{\"@type\":\"SearchAction\",\"target\":{\"@type\":\"EntryPoint\",\"urlTemplate\":\"https:\\\/\\\/www.choicereit.ca\\\/?s={search_term_string}\"},\"query-input\":{\"@type\":\"PropertyValueSpecification\",\"valueRequired\":true,\"valueName\":\"search_term_string\"}}],\"inLanguage\":\"fr-FR\"},{\"@type\":\"Organization\",\"@id\":\"https:\\\/\\\/www.choicereit.ca\\\/#organization\",\"name\":\"Choice Properties\",\"url\":\"https:\\\/\\\/www.choicereit.ca\\\/\",\"logo\":{\"@type\":\"ImageObject\",\"inLanguage\":\"fr-FR\",\"@id\":\"https:\\\/\\\/www.choicereit.ca\\\/#\\\/schema\\\/logo\\\/image\\\/\",\"url\":\"https:\\\/\\\/www.choicereit.ca\\\/wp-content\\\/uploads\\\/2026\\\/04\\\/logo-alt.svg\",\"contentUrl\":\"https:\\\/\\\/www.choicereit.ca\\\/wp-content\\\/uploads\\\/2026\\\/04\\\/logo-alt.svg\",\"width\":1,\"height\":1,\"caption\":\"Choice Properties\"},\"image\":{\"@id\":\"https:\\\/\\\/www.choicereit.ca\\\/#\\\/schema\\\/logo\\\/image\\\/\"},\"sameAs\":[\"https:\\\/\\\/www.instagram.com\\\/choicereit\\\/?hl=en\"]}]}<\/script>\n<!-- \/ Yoast SEO Premium plugin. -->","yoast_head_json":{"title":"Am\u00e9liorez vos unit\u00e9s de toit. R\u00e9duisez vos co\u00fbts d\u2019exploitation. - Propri\u00e9t\u00e9s DeChoix","robots":{"index":"index","follow":"follow","max-snippet":"max-snippet:-1","max-image-preview":"max-image-preview:large","max-video-preview":"max-video-preview:-1"},"canonical":"https:\/\/www.choicereit.ca\/fr\/ameliorez-vos-unites-de-toit-reduisez-vos-couts-dexploitation\/","og_locale":"fr_FR","og_type":"article","og_title":"Am\u00e9liorez vos unit\u00e9s de toit. R\u00e9duisez vos co\u00fbts d\u2019exploitation.","og_url":"https:\/\/www.choicereit.ca\/fr\/ameliorez-vos-unites-de-toit-reduisez-vos-couts-dexploitation\/","og_site_name":"Propri\u00e9t\u00e9s DeChoix","article_modified_time":"2026-04-21T15:18:36+00:00","og_image":[{"width":1920,"height":720,"url":"https:\/\/www.choicereit.ca\/wp-content\/uploads\/2026\/02\/upgrade-rooftop-banner.jpg","type":"image\/jpeg"}],"twitter_card":"summary_large_image","twitter_misc":{"Dur\u00e9e de lecture estim\u00e9e":"4 minutes"},"schema":{"@context":"https:\/\/schema.org","@graph":[{"@type":"WebPage","@id":"https:\/\/www.choicereit.ca\/fr\/ameliorez-vos-unites-de-toit-reduisez-vos-couts-dexploitation\/","url":"https:\/\/www.choicereit.ca\/fr\/ameliorez-vos-unites-de-toit-reduisez-vos-couts-dexploitation\/","name":"Am\u00e9liorez vos unit\u00e9s de toit. R\u00e9duisez vos co\u00fbts d\u2019exploitation. - Propri\u00e9t\u00e9s DeChoix","isPartOf":{"@id":"https:\/\/www.choicereit.ca\/#website"},"primaryImageOfPage":{"@id":"https:\/\/www.choicereit.ca\/fr\/ameliorez-vos-unites-de-toit-reduisez-vos-couts-dexploitation\/#primaryimage"},"image":{"@id":"https:\/\/www.choicereit.ca\/fr\/ameliorez-vos-unites-de-toit-reduisez-vos-couts-dexploitation\/#primaryimage"},"thumbnailUrl":"https:\/\/www.choicereit.ca\/wp-content\/uploads\/2026\/02\/upgrade-rooftop-banner.jpg","datePublished":"2026-02-25T18:00:25+00:00","dateModified":"2026-04-21T15:18:36+00:00","breadcrumb":{"@id":"https:\/\/www.choicereit.ca\/fr\/ameliorez-vos-unites-de-toit-reduisez-vos-couts-dexploitation\/#breadcrumb"},"inLanguage":"fr-FR","potentialAction":[{"@type":"ReadAction","target":["https:\/\/www.choicereit.ca\/fr\/ameliorez-vos-unites-de-toit-reduisez-vos-couts-dexploitation\/"]}]},{"@type":"ImageObject","inLanguage":"fr-FR","@id":"https:\/\/www.choicereit.ca\/fr\/ameliorez-vos-unites-de-toit-reduisez-vos-couts-dexploitation\/#primaryimage","url":"https:\/\/www.choicereit.ca\/wp-content\/uploads\/2026\/02\/upgrade-rooftop-banner.jpg","contentUrl":"https:\/\/www.choicereit.ca\/wp-content\/uploads\/2026\/02\/upgrade-rooftop-banner.jpg","width":1920,"height":720},{"@type":"BreadcrumbList","@id":"https:\/\/www.choicereit.ca\/fr\/ameliorez-vos-unites-de-toit-reduisez-vos-couts-dexploitation\/#breadcrumb","itemListElement":[{"@type":"ListItem","position":1,"name":"Home","item":"https:\/\/www.choicereit.ca\/fr\/"},{"@type":"ListItem","position":2,"name":"Am\u00e9liorez vos unit\u00e9s de toit. R\u00e9duisez vos co\u00fbts d\u2019exploitation."}]},{"@type":"WebSite","@id":"https:\/\/www.choicereit.ca\/#website","url":"https:\/\/www.choicereit.ca\/","name":"Choice Properties","description":"","publisher":{"@id":"https:\/\/www.choicereit.ca\/#organization"},"potentialAction":[{"@type":"SearchAction","target":{"@type":"EntryPoint","urlTemplate":"https:\/\/www.choicereit.ca\/?s={search_term_string}"},"query-input":{"@type":"PropertyValueSpecification","valueRequired":true,"valueName":"search_term_string"}}],"inLanguage":"fr-FR"},{"@type":"Organization","@id":"https:\/\/www.choicereit.ca\/#organization","name":"Choice Properties","url":"https:\/\/www.choicereit.ca\/","logo":{"@type":"ImageObject","inLanguage":"fr-FR","@id":"https:\/\/www.choicereit.ca\/#\/schema\/logo\/image\/","url":"https:\/\/www.choicereit.ca\/wp-content\/uploads\/2026\/04\/logo-alt.svg","contentUrl":"https:\/\/www.choicereit.ca\/wp-content\/uploads\/2026\/04\/logo-alt.svg","width":1,"height":1,"caption":"Choice Properties"},"image":{"@id":"https:\/\/www.choicereit.ca\/#\/schema\/logo\/image\/"},"sameAs":["https:\/\/www.instagram.com\/choicereit\/?hl=en"]}]}},"_links":{"self":[{"href":"https:\/\/www.choicereit.ca\/fr\/wp-json\/wp\/v2\/pages\/20144","targetHints":{"allow":["GET"]}}],"collection":[{"href":"https:\/\/www.choicereit.ca\/fr\/wp-json\/wp\/v2\/pages"}],"about":[{"href":"https:\/\/www.choicereit.ca\/fr\/wp-json\/wp\/v2\/types\/page"}],"author":[{"embeddable":true,"href":"https:\/\/www.choicereit.ca\/fr\/wp-json\/wp\/v2\/users\/1"}],"replies":[{"embeddable":true,"href":"https:\/\/www.choicereit.ca\/fr\/wp-json\/wp\/v2\/comments?post=20144"}],"version-history":[{"count":1,"href":"https:\/\/www.choicereit.ca\/fr\/wp-json\/wp\/v2\/pages\/20144\/revisions"}],"predecessor-version":[{"id":23865,"href":"https:\/\/www.choicereit.ca\/fr\/wp-json\/wp\/v2\/pages\/20144\/revisions\/23865"}],"wp:featuredmedia":[{"embeddable":true,"href":"https:\/\/www.choicereit.ca\/fr\/wp-json\/wp\/v2\/media\/20145"}],"wp:attachment":[{"href":"https:\/\/www.choicereit.ca\/fr\/wp-json\/wp\/v2\/media?parent=20144"}],"curies":[{"name":"wp","href":"https:\/\/api.w.org\/{rel}","templated":true}]}}